{"id":15,"date":"2019-11-22T15:11:21","date_gmt":"2019-11-22T14:11:21","guid":{"rendered":"http:\/\/usmc.at\/wordpress\/?page_id=15"},"modified":"2019-11-22T15:26:26","modified_gmt":"2019-11-22T14:26:26","slug":"anwaerterschaft","status":"publish","type":"page","link":"https:\/\/usmc.at\/wordpress\/startseite\/anwaerterschaft\/","title":{"rendered":"Anw\u00e4rterschaft"},"content":{"rendered":"\n<p>&#8222;Uncle Sam needs you!&#8220;<br>\n                Diesen altbekannten Leitspruch, und das dazu  geh\u00f6rige Bild, kennen die meisten. <\/p>\n\n\n\n<p>Wir sind stets offen f\u00fcr m\u00f6gliche neue Mitglieder. <br>Grundbedingung ist jedoch, das Interesse an  den US-Marines und an Kammeradschaft. <\/p>\n\n\n\n<p>Wenn du dich f\u00fcr unseren Verein, unsere Teams  und f\u00fcr diese Thematik allgemein interessierst, dann melde dich einfach bei uns.<\/p>\n\n\n\n<p>Lass uns bei einem Getr\u00e4nk \u00fcber eine m\u00f6gliche  Rekrutierung reden.<\/p>\n\n\n\n<p>Zuwachs zu den Teams ist jederzeit willkommen.<\/p>\n\n\n\n<p>Bedenke aber auch, da\u00df nicht wir etwas von  dir wollen, sondern du von uns. Das bedeutet, da\u00df wir uns nicht von  m\u00f6glichen Anw\u00e4rtern hinhalten lassen. Bekommen wir den Eindruck, da\u00df ein  (m\u00f6glicher) Anw\u00e4rter uns ver\u00e4ppelt, ist die Chance, unserem Verein  beizutreten, dahin. Wir sind kein Verein, der Schnuppertage mit  Leihger\u00e4tschaft f\u00fcr AIrsoftneulinge macht. Zu einem Testspiel mu\u00dft du  schon zumindest eigene Schutzausr\u00fcstung, Markierer und festes Schuhwerk  mitbringen.<\/p>\n\n\n\n<p>Unsere allgemeinen Aufnahmekriterien lauten:<\/p>\n\n\n\n<p>1.) Interesse an den USA und deren Streitkr\u00e4ften (insbesondere dem USMC)<br>2.) Interesse an der Geschichte der Streitkr\u00e4fte der USA  (insbesondere dem USMC)<br>3.) Ein gewisses Grund-Ma\u00df an k\u00f6rperlicher und geistiger Fitness<br>4.) Die Ausr\u00fcstung unserer Prim\u00e4r-Linie plus mindestens eine komplette Ausr\u00fcstung aus unseren Projekten<\/p>\n\n\n\n<p>Grunds\u00e4tzliche Ausschlu\u00dfgr\u00fcnde f\u00fcr m\u00f6gliche Anw\u00e4rter sind:<\/p>\n\n\n\n<p>1.) Anti-Amerikanische Gesinnung<br>2.) Keine Teamf\u00e4higkeit<br>3.) Desinteresse an Geschichte, Training und milit\u00e4rischen Gepflogenheiten<\/p>\n","protected":false},"excerpt":{"rendered":"<p>&#8222;Uncle Sam needs you!&#8220; Diesen altbekannten Leitspruch, und das dazu geh\u00f6rige Bild, kennen die meisten. Wir sind stets offen f\u00fcr m\u00f6gliche neue Mitglieder. Grundbedingung ist jedoch, das Interesse an den US-Marines und an Kammeradschaft. Wenn du dich f\u00fcr unseren Verein, unsere Teams und f\u00fcr diese Thematik allgemein interessierst, dann melde dich einfach bei uns. Lass [&hellip;]<\/p>\n","protected":false},"author":2,"featured_media":0,"parent":10,"menu_order":0,"comment_status":"closed","ping_status":"closed","template":"","meta":{"footnotes":""},"class_list":["post-15","page","type-page","status-publish","hentry"],"_links":{"self":[{"href":"https:\/\/usmc.at\/wordpress\/wp-json\/wp\/v2\/pages\/15","targetHints":{"allow":["GET"]}}],"collection":[{"href":"https:\/\/usmc.at\/wordpress\/wp-json\/wp\/v2\/pages"}],"about":[{"href":"https:\/\/usmc.at\/wordpress\/wp-json\/wp\/v2\/types\/page"}],"author":[{"embeddable":true,"href":"https:\/\/usmc.at\/wordpress\/wp-json\/wp\/v2\/users\/2"}],"replies":[{"embeddable":true,"href":"https:\/\/usmc.at\/wordpress\/wp-json\/wp\/v2\/comments?post=15"}],"version-history":[{"count":1,"href":"https:\/\/usmc.at\/wordpress\/wp-json\/wp\/v2\/pages\/15\/revisions"}],"predecessor-version":[{"id":16,"href":"https:\/\/usmc.at\/wordpress\/wp-json\/wp\/v2\/pages\/15\/revisions\/16"}],"up":[{"embeddable":true,"href":"https:\/\/usmc.at\/wordpress\/wp-json\/wp\/v2\/pages\/10"}],"wp:attachment":[{"href":"https:\/\/usmc.at\/wordpress\/wp-json\/wp\/v2\/media?parent=15"}],"curies":[{"name":"wp","href":"https:\/\/api.w.org\/{rel}","templated":true}]}}