{"id":17,"date":"2019-11-22T15:14:55","date_gmt":"2019-11-22T14:14:55","guid":{"rendered":"http:\/\/usmc.at\/wordpress\/?page_id=17"},"modified":"2020-01-18T14:36:36","modified_gmt":"2020-01-18T13:36:36","slug":"impressum","status":"publish","type":"page","link":"https:\/\/usmc.at\/wordpress\/startseite\/impressum\/","title":{"rendered":"Impressum"},"content":{"rendered":"\n<figure class=\"wp-block-table\"><table class=\"\"><tbody><tr><td><strong>Vereinsname:<\/strong> Advanced Marines Tactics Airsoft Club <br><strong>Vereinssitz:<\/strong> 1020 Wien       <br><strong>Kontakt: <\/strong><a rel=\"noreferrer noopener\" href=\"mailto:amtac@usmc.at\" target=\"_blank\">amtac@usmc.at<\/a>   <br><strong>Rechtsform:<\/strong> Verein   <br><strong>ZVR-Nr.<\/strong>: 966602925     <br><strong>Gerichtsstand:<\/strong> Gerichtsstand ist der Vereinssitz. Es gilt \u00f6sterreichisches Recht<\/td><\/tr><tr><td><strong>Erkl\u00e4rung:<\/strong><br>Der Verein Advanced Marines Tactics Airsoft Club distanziert  sich ausdr\u00fccklich von links-, rechtsradikalen sowie sonstigen  gewalt-verherrlichenden Gruppierungen.<br><br>Weder geh\u00f6ren wir einer  politischen Richtung an, noch bef\u00fcrworten wir jegliche politische  Aktivit\u00e4ten innerhalb des Vereins.<br><br>Alle auf dieser Homepage  gezeigten &#8222;Waffen&#8220; sind ausschlie\u00dflich Airsoft-Markierer, die 1:1  Repliken von echten Waffen darstellen, aber aus Kunststoff und  Metallteilen bestehen und lediglich 6 mm gro\u00dfe Plastikkugeln und\/oder BioBBs, aber  keinesfalls scharfe Muniton, verschie\u00dfen k\u00f6nnen.<br>           <\/td><\/tr><tr><td><strong>Vereinszweck:<\/strong><br>Der Verein, dessen  T\u00e4tigkeit nicht auf Gewinn gerichtet ist,  bezweckt die  F\u00f6rderung und Aus\u00fcbung der m\u00f6glichst historisch korrekten und authentischen Darstellung von Einheiten, Pers\u00f6nlichkeiten und Ereignissen der amerikanischen Marines Corps, von der Gr\u00fcndung der  vereinigten Staaten (1776) bis hin zur Gegenwart, in Kombination mit  dem&nbsp; Sport \u201eAirsoft\u201c,  in \u00d6sterreich. <br><br>Als ebenso wichtig erachtet der  Verein die Pflege guter  Kameradschaft und den Ausbau nationaler und  internationaler Kontakte. <br>Der  Verein ist politisch, konfessionell und  ideologisch neutral, jede  parteipolitische oder religi\u00f6se Bet\u00e4tigung im  Rahmen des Vereines ist  unerw\u00fcnscht. Der Verein soll die rechtliche  Grundlage f\u00fcr Veranstaltungen  bilden.  <br><br>Bei \u201eAirsoft\u201c handelt es sich um ein  Live-Strategiespiel, dessen Ziel es ist, durch Ausdauer, Geduld, Taktik  und Teamf\u00e4higkeit das Spiel zu gewinnen. <br><br>Die hierzu verwendete  Ausr\u00fcstung (Airsoft &#8211; Sportger\u00e4te, Bekleidung, etc.) muss geltendem \u00f6sterreichischem Recht entsprechen, um verwendet werden zu d\u00fcrfen. Es  m\u00fcssen auch die Spielregeln sowie strenge Sicherheitsbestimmungen  eingehalten werden, um das bereits geringe Verletzungsrisiko weiter zu minimieren.<\/td><\/tr><tr><td><strong>Datenschutzrichtlinie:<\/strong><br>Die Einhaltung der geltenden gesetzlichen Bestimmungen zum  Datenschutz personenbezogener Daten ist f\u00fcr uns selbstverst\u00e4ndlich. <br><br>Gem\u00e4\u00df Datenschutzgesetz (DSG 2000) sind personenbezogene Daten Informationen, die genutzt werden k\u00f6nnen, um die Identit\u00e4t von Web-Benutzern zu erfahren. Darunter fallen Informationen wie Name, Adresse, Postanschrift, Telefonnummer etc. S\u00e4mtliche Informationen, die nicht direkt mit der tats\u00e4chlichen Identit\u00e4t des Benutzers in Verbindung  gebracht werden k\u00f6nnen fallen somit nicht darunter. <br><br>Bei einem Besuch dieser Website erheben  wir ohne Ihrer freiwilligen Anmeldung keine personenbezogenen Daten von  Ihnen. Es fallen jedoch (automatisch) Daten an, die in einer  Protokolldatei auf unserem Server gespeichert und ausschlie\u00dflich anonym zu Statistikzwecken ausgewertet werden.<\/td><\/tr><tr><td><strong>Nutzungsbedingungen, Gew\u00e4hrleistung, Haftung:<\/strong><br>Die Nutzung dieser Website erfolgt auf eigene Gefahr und auf eigenes Risiko.<br><br>Wir \u00fcbernehmen keine Gew\u00e4hr f\u00fcr die ver\u00f6ffentlichten  Beitr\u00e4ge, Angebote, Dienstleistungen und Services hinsichtlich  Richtigkeit, Vollst\u00e4ndigkeit und Funktionalit\u00e4t. Die Gew\u00e4hrleistung  richtet sich nach den gesetzlichen Bestimmungen. <br><br>Jegliche Haftung f\u00fcr  Sch\u00e4den, die direkt oder indirekt aus der Benutzung dieser Webseite  entstehen, ist ausgeschlossen. <br><br>Diese Website und die damit verbundenen  Dienste werden unter dem Gesichtspunkt gr\u00f6\u00dfter Sorgfalt betrieben.<br>Aus technischen Gr\u00fcnden ist es jedoch nicht m\u00f6glich, da\u00df diese Dienste ohne  Unterbrechung zug\u00e4nglich sind, da\u00df die gew\u00fcnschten Verbindungen immer hergestellt werden k\u00f6nnen oder, da\u00df gespeicherte Daten unter allen  Gegebenheiten erhalten bleiben. <br><br>Die st\u00e4ndige Verf\u00fcgbarkeit kann daher  nicht zugesichert werden. Konnektivit\u00e4t zu anderen Netzbetreibern  erfolgt nach Ma\u00dfgabe der M\u00f6glichkeiten. Jegliche Haftung f\u00fcr Probleme,  die ihre Ursache in den Netzen Dritter haben, ist ausgeschlossen.<br>Die  Nutzung anderer Netze unterliegt den Nutzungsbedingungen der jeweiligen  Betreiber. <br><br>Unsererseits besteht keine Haftung f\u00fcr h\u00f6here Gewalt,  Streiks, Einschr\u00e4nkungen der Leistungen anderer Netzbetreiber sowie  Reparatur- und Wartungsarbeiten und den damit verbundenen  Einschr\u00e4nkungen oder Unterbrechungen dieses Dienstes.<\/td><\/tr><tr><td><strong>Link Policy:<\/strong><br>Bei Verlinkungen auf weitere Online-Angebote \u00fcbernehmen wir  keinerlei Haftung \u00fcber Inhalt, Funktionalit\u00e4t und Verf\u00fcgbarkeit der verlinkten Website(n). <br><br>Dies gilt auch bei allen anderen direkten oder  indirekten Verweisen oder Verlinkungen auf fremde Internetangebote.  <br><br>Links auf diese Website sind erw\u00fcnscht, wenn diese als externe Links in einem eigenen Browserfenster gestaltet sind. <br><br>Eine \u00dcbernahme des  Hauptfensters in einen Frame des Linksetzers ist unzul\u00e4ssig. Sollte eine  Website, auf die wir verlinkt haben, rechtswidrige Inhalte enthalten,  so bitten wir um Mitteilung, der Link wird umgehend entfernt.<\/td><\/tr><tr><td><strong>Copyright:<\/strong><br>Das Copyright und Urheberrecht f\u00fcr ver\u00f6ffentlichte, von uns  selbst erstellte Bilder, Objekte, Dateien und Texte, verbleibt alleine  bei uns. Eine Vervielf\u00e4ltigung oder Verwendung solcher Bilder, Texte,  Dateien und Informationen in anderen elektronischen oder gedruckten  Publikationen, ist ohne unsere ausdr\u00fcckliche Zustimmung nicht gestattet,  und zieht rechtliche Schritte nach sich.<\/td><\/tr><\/tbody><\/table><\/figure>\n","protected":false},"excerpt":{"rendered":"<p>Vereinsname: Advanced Marines Tactics Airsoft Club Vereinssitz: 1020 Wien Kontakt: amtac@usmc.at Rechtsform: Verein ZVR-Nr.: 966602925 Gerichtsstand: Gerichtsstand ist der Vereinssitz. Es gilt \u00f6sterreichisches Recht Erkl\u00e4rung:Der Verein Advanced Marines Tactics Airsoft Club distanziert sich ausdr\u00fccklich von links-, rechtsradikalen sowie sonstigen gewalt-verherrlichenden Gruppierungen. Weder geh\u00f6ren wir einer politischen Richtung an, noch bef\u00fcrworten wir jegliche politische Aktivit\u00e4ten innerhalb [&hellip;]<\/p>\n","protected":false},"author":2,"featured_media":0,"parent":10,"menu_order":0,"comment_status":"closed","ping_status":"closed","template":"","meta":{"footnotes":""},"class_list":["post-17","page","type-page","status-publish","hentry"],"_links":{"self":[{"href":"https:\/\/usmc.at\/wordpress\/wp-json\/wp\/v2\/pages\/17","targetHints":{"allow":["GET"]}}],"collection":[{"href":"https:\/\/usmc.at\/wordpress\/wp-json\/wp\/v2\/pages"}],"about":[{"href":"https:\/\/usmc.at\/wordpress\/wp-json\/wp\/v2\/types\/page"}],"author":[{"embeddable":true,"href":"https:\/\/usmc.at\/wordpress\/wp-json\/wp\/v2\/users\/2"}],"replies":[{"embeddable":true,"href":"https:\/\/usmc.at\/wordpress\/wp-json\/wp\/v2\/comments?post=17"}],"version-history":[{"count":2,"href":"https:\/\/usmc.at\/wordpress\/wp-json\/wp\/v2\/pages\/17\/revisions"}],"predecessor-version":[{"id":174,"href":"https:\/\/usmc.at\/wordpress\/wp-json\/wp\/v2\/pages\/17\/revisions\/174"}],"up":[{"embeddable":true,"href":"https:\/\/usmc.at\/wordpress\/wp-json\/wp\/v2\/pages\/10"}],"wp:attachment":[{"href":"https:\/\/usmc.at\/wordpress\/wp-json\/wp\/v2\/media?parent=17"}],"curies":[{"name":"wp","href":"https:\/\/api.w.org\/{rel}","templated":true}]}}